{"id":4421,"date":"2020-09-22T13:51:52","date_gmt":"2020-09-22T12:51:52","guid":{"rendered":"http:\/\/gimnazijabb.edu.rs\/?page_id=4421"},"modified":"2025-11-05T16:19:06","modified_gmt":"2025-11-05T15:19:06","slug":"pandemija-covid-19","status":"publish","type":"page","link":"https:\/\/gimnazijabb.edu.rs\/?page_id=4421","title":{"rendered":"\u041f\u0430\u043d\u0434\u0435\u043c\u0438\u0458\u0430 Covid-19"},"content":{"rendered":"\n<p class=\"has-text-align-center has-normal-font-size\"><strong>\u041d\u0430 \u043e\u0432\u043e\u043c \u043c\u0435\u0441\u0442\u0443 \u043c\u043e\u0436\u0435\u0442\u0435 \u043f\u0440\u043e\u043d\u0430\u045b\u0438 \u043a\u043e\u0440\u0438\u0441\u043d\u0435 \u0438\u043d\u0444\u043e\u0440\u043c\u0430\u0446\u0438\u0458\u0435 \u043e \u0431\u043e\u0440\u0431\u0438 \u043f\u0440\u043e\u0442\u0438\u0432 \u043f\u0430\u043d\u0434\u0435\u043c\u0438\u0458\u0435&nbsp;Covid-19.<\/strong><\/p>\n\n\n\n<p class=\"has-text-align-center\" style=\"font-size:22px\">\u041d\u0430 \u0441\u0430\u0458\u0442\u0443 \u0423\u043d\u0438\u0446\u0435\u0444\u0430 \u043d\u0430\u043b\u0430\u0437\u0435 \u0441\u0435 \u043c\u043d\u043e\u0433\u0438 \u043a\u043e\u0440\u0438\u0441\u043d\u0438 \u043c\u0430\u0442\u0435\u0440\u0438\u0458\u0430\u043b\u0438 \u0443 \u0432\u0435\u0437\u0438 \u0441\u0430 \u043f\u0440\u0435\u0432\u0435\u043d\u0446\u0438\u0458\u043e\u043c \u043f\u0430\u043d\u0434\u0435\u043c\u0438\u0458\u0435 Covid-19: <a href=\"https:\/\/www.unicef.org\/serbia\/materijali-o-korona-virusu\">\u043b\u0438\u043d\u043a<\/a><\/p>\n\n\n\n<p class=\"has-text-align-center has-vivid-red-color has-text-color\" style=\"font-size:25px\"><strong>\u0423\u043f\u0443\u0442\u0441\u0442\u0432\u043e \u0437\u0430 \u043f\u043e\u043d\u0430\u0448\u0430\u045a\u0435 \u0443\u0447\u0435\u043d\u0438\u043a\u0430 \u043f\u0440\u0438\u043b\u0438\u043a\u043e\u043c \u0434\u043e\u043b\u0430\u0441\u043a\u0430 \u0438 \u0431\u043e\u0440\u0430\u0432\u043a\u0430 \u0443 \u0428\u043a\u043e\u043b\u0438:<\/strong><\/p>\n\n\n\n<figure class=\"wp-block-embed is-type-video is-provider-youtube wp-block-embed-youtube wp-embed-aspect-16-9 wp-has-aspect-ratio\"><div class=\"wp-block-embed__wrapper\">\n<iframe loading=\"lazy\" title=\"WHO Skola Cut V2\" width=\"605\" height=\"340\" src=\"https:\/\/www.youtube.com\/embed\/AI2PyiIcsiE?feature=oembed\" frameborder=\"0\" allow=\"accelerometer; autoplay; clipboard-write; encrypted-media; gyroscope; picture-in-picture; web-share\" referrerpolicy=\"strict-origin-when-cross-origin\" allowfullscreen><\/iframe>\n<\/div><\/figure>\n\n\n\n<p class=\"has-text-align-center has-vivid-red-color has-text-color\" style=\"font-size:25px\"><strong>\u041e\u043f\u0448\u0442\u0430 \u0443\u043f\u0443\u0442\u0441\u0442\u0432\u0430 \u0437\u0430 \u043f\u0440\u0435\u0432\u0435\u043d\u0446\u0438\u0458\u0443 \u043f\u0430\u043d\u0434\u0435\u043c\u0438\u0458\u0435 Covid-19<\/strong><\/p>\n\n\n\n<figure class=\"wp-block-embed is-type-video is-provider-youtube wp-block-embed-youtube wp-embed-aspect-4-3 wp-has-aspect-ratio\"><div class=\"wp-block-embed__wrapper\">\n<iframe loading=\"lazy\" title=\"7 jednostavnih koraka kako da spre\u010dite \u0161irenje korona virusa i za\u0161titite sebe i svoju porodicu\" width=\"605\" height=\"454\" src=\"https:\/\/www.youtube.com\/embed\/1cPg6c4EHAg?feature=oembed\" frameborder=\"0\" allow=\"accelerometer; autoplay; clipboard-write; encrypted-media; gyroscope; picture-in-picture; web-share\" referrerpolicy=\"strict-origin-when-cross-origin\" allowfullscreen><\/iframe>\n<\/div><\/figure>\n\n\n\n<figure class=\"wp-block-embed is-type-video is-provider-youtube wp-block-embed-youtube wp-embed-aspect-4-3 wp-has-aspect-ratio\"><div class=\"wp-block-embed__wrapper\">\n<iframe loading=\"lazy\" title=\"Kako se prenosi korona virus?\" width=\"605\" height=\"454\" src=\"https:\/\/www.youtube.com\/embed\/3XfRFuP7FLA?feature=oembed\" frameborder=\"0\" allow=\"accelerometer; autoplay; clipboard-write; encrypted-media; gyroscope; picture-in-picture; web-share\" referrerpolicy=\"strict-origin-when-cross-origin\" allowfullscreen><\/iframe>\n<\/div><\/figure>\n\n\n\n<h3 class=\"wp-block-heading has-text-align-center\"><\/h3>\n\n\n\n<p class=\"has-text-align-center has-vivid-red-color has-text-color\" style=\"font-size:23px\"><strong>\u041d\u0430 \u043e\u0432\u043e\u043c \u043c\u0435\u0441\u0442\u0443 \u043c\u043e\u0436\u0435\u0442\u0435 \u043f\u0440\u0435\u0443\u0437\u0435\u0442\u0438 \u0434\u043e\u043f\u0443\u045a\u0435\u043d\u0443 \u0432\u0435\u0440\u0437\u0438\u0458\u0443 \u041f\u0440\u0435\u043f\u043e\u0440\u0443\u043a\u0430 \u0437\u0430 \u043f\u0440\u0435\u0432\u0435\u043d\u0446\u0438\u0458\u0443 COVID 19 \u043a\u043e\u0458\u0435 \u0458\u0435 \u043f\u0440\u0438\u043f\u0440\u0435\u043c\u0438\u043e \u0418\u043d\u0441\u0442\u0438\u0442\u0443\u0442 \u0437\u0430 \u0458\u0430\u0432\u043d\u043e \u0437\u0434\u0440\u0430\u0432\u0459\u0435 \u0421\u0440\u0431\u0438\u0458\u0435 &#8222;\u0414\u0440 \u041c\u0438\u043b\u0430\u043d \u0408\u043e\u0432\u0430\u043d\u043e\u0432\u0438\u045b \u0411\u0430\u0442\u0443\u0442&#8220; :<\/strong><\/p>\n\n\n\n<div class=\"wp-block-file\"><a id=\"wp-block-file--media-4852bc0f-9a94-4bdb-a718-cad2f2f8aff3\" href=\"http:\/\/media.gimnazijabb.edu.rs\/2020\/09\/Preporuke-Instituta-za-javno-zdravlje-Covid-19.pdf\">\u041f\u0440\u0435\u043f\u043e\u0440\u0443\u043a\u0435 &#8222;\u0414\u0440 \u041c\u0438\u043b\u0430\u043d\u0430 \u0408\u043e\u0432\u0430\u043d\u043e\u0432\u0438\u045b\u0430 \u0411\u0430\u0442\u0443\u0442\u0430&#8220;<\/a><a href=\"http:\/\/media.gimnazijabb.edu.rs\/2020\/09\/Preporuke-Instituta-za-javno-zdravlje-Covid-19.pdf\" class=\"wp-block-file__button wp-element-button\" download aria-describedby=\"wp-block-file--media-4852bc0f-9a94-4bdb-a718-cad2f2f8aff3\">\u041f\u0440\u0435\u0443\u0437\u043c\u0438<\/a><\/div>\n\n\n\n<figure class=\"wp-block-image\"><img loading=\"lazy\" decoding=\"async\" width=\"915\" height=\"641\" src=\"http:\/\/media.gimnazijabb.edu.rs\/2020\/09\/plakat-1.jpg\" alt=\"\" class=\"wp-image-4423\" srcset=\"https:\/\/media.gimnazijabb.edu.rs\/2020\/09\/plakat-1.jpg 915w, https:\/\/media.gimnazijabb.edu.rs\/2020\/09\/plakat-1-300x210.jpg 300w, https:\/\/media.gimnazijabb.edu.rs\/2020\/09\/plakat-1-768x538.jpg 768w\" sizes=\"auto, (max-width: 915px) 100vw, 915px\" \/><\/figure>\n\n\n\n<figure class=\"wp-block-image\"><img loading=\"lazy\" decoding=\"async\" width=\"943\" height=\"669\" src=\"http:\/\/media.gimnazijabb.edu.rs\/2020\/09\/plakat-2.jpg\" alt=\"\" class=\"wp-image-4424\" srcset=\"https:\/\/media.gimnazijabb.edu.rs\/2020\/09\/plakat-2.jpg 943w, https:\/\/media.gimnazijabb.edu.rs\/2020\/09\/plakat-2-300x213.jpg 300w, https:\/\/media.gimnazijabb.edu.rs\/2020\/09\/plakat-2-768x545.jpg 768w\" sizes=\"auto, (max-width: 943px) 100vw, 943px\" \/><\/figure>\n\n\n<div class=\"wp-block-image\">\n<figure class=\"aligncenter\"><img loading=\"lazy\" decoding=\"async\" width=\"315\" height=\"451\" src=\"http:\/\/media.gimnazijabb.edu.rs\/2020\/09\/poster_kako-da-se-borite-SRB.png\" alt=\"\" class=\"wp-image-4425\" srcset=\"https:\/\/media.gimnazijabb.edu.rs\/2020\/09\/poster_kako-da-se-borite-SRB.png 315w, https:\/\/media.gimnazijabb.edu.rs\/2020\/09\/poster_kako-da-se-borite-SRB-210x300.png 210w\" sizes=\"auto, (max-width: 315px) 100vw, 315px\" \/><\/figure>\n<\/div>","protected":false},"excerpt":{"rendered":"<p>\u041d\u0430 \u043e\u0432\u043e\u043c \u043c\u0435\u0441\u0442\u0443 \u043c\u043e\u0436\u0435\u0442\u0435 \u043f\u0440\u043e\u043d\u0430\u045b\u0438 \u043a\u043e\u0440\u0438\u0441\u043d\u0435 \u0438\u043d\u0444\u043e\u0440\u043c\u0430\u0446\u0438\u0458\u0435 \u043e \u0431\u043e\u0440\u0431\u0438 \u043f\u0440\u043e\u0442\u0438\u0432 \u043f\u0430\u043d\u0434\u0435\u043c\u0438\u0458\u0435&nbsp;Covid-19. \u041d\u0430 \u0441\u0430\u0458\u0442\u0443 \u0423\u043d\u0438\u0446\u0435\u0444\u0430 \u043d\u0430\u043b\u0430\u0437\u0435 \u0441\u0435 \u043c\u043d\u043e\u0433\u0438 \u043a\u043e\u0440\u0438\u0441\u043d\u0438 \u043c\u0430\u0442\u0435\u0440\u0438\u0458\u0430\u043b\u0438 \u0443 \u0432\u0435\u0437\u0438 \u0441\u0430 \u043f\u0440\u0435\u0432\u0435\u043d\u0446\u0438\u0458\u043e\u043c \u043f\u0430\u043d\u0434\u0435\u043c\u0438\u0458\u0435 Covid-19: \u043b\u0438\u043d\u043a \u0423\u043f\u0443\u0442\u0441\u0442\u0432\u043e \u0437\u0430 \u043f\u043e\u043d\u0430\u0448\u0430\u045a\u0435 \u0443\u0447\u0435\u043d\u0438\u043a\u0430 \u043f\u0440\u0438\u043b\u0438\u043a\u043e\u043c \u0434\u043e\u043b\u0430\u0441\u043a\u0430 \u0438 \u0431\u043e\u0440\u0430\u0432\u043a\u0430 \u0443 \u0428\u043a\u043e\u043b\u0438: \u041e\u043f\u0448\u0442\u0430 \u0443\u043f\u0443\u0442\u0441\u0442\u0432\u0430 \u0437\u0430 \u043f\u0440\u0435\u0432\u0435\u043d\u0446\u0438\u0458\u0443 \u043f\u0430\u043d\u0434\u0435\u043c\u0438\u0458\u0435 Covid-19 \u041d\u0430 \u043e\u0432\u043e\u043c \u043c\u0435\u0441\u0442\u0443 \u043c\u043e\u0436\u0435\u0442\u0435 \u043f\u0440\u0435\u0443\u0437\u0435\u0442\u0438 \u0434\u043e\u043f\u0443\u045a\u0435\u043d\u0443 \u0432\u0435\u0440\u0437\u0438\u0458\u0443 \u041f\u0440\u0435\u043f\u043e\u0440\u0443\u043a\u0430 \u0437\u0430 \u043f\u0440\u0435\u0432\u0435\u043d\u0446\u0438\u0458\u0443 COVID 19 \u043a\u043e\u0458\u0435 [&hellip;]<\/p>\n","protected":false},"author":2,"featured_media":0,"parent":1259,"menu_order":20,"comment_status":"closed","ping_status":"closed","template":"","meta":{"footnotes":""},"class_list":["post-4421","page","type-page","status-publish","hentry"],"_links":{"self":[{"href":"https:\/\/gimnazijabb.edu.rs\/index.php?rest_route=\/wp\/v2\/pages\/4421","targetHints":{"allow":["GET"]}}],"collection":[{"href":"https:\/\/gimnazijabb.edu.rs\/index.php?rest_route=\/wp\/v2\/pages"}],"about":[{"href":"https:\/\/gimnazijabb.edu.rs\/index.php?rest_route=\/wp\/v2\/types\/page"}],"author":[{"embeddable":true,"href":"https:\/\/gimnazijabb.edu.rs\/index.php?rest_route=\/wp\/v2\/users\/2"}],"replies":[{"embeddable":true,"href":"https:\/\/gimnazijabb.edu.rs\/index.php?rest_route=%2Fwp%2Fv2%2Fcomments&post=4421"}],"version-history":[{"count":7,"href":"https:\/\/gimnazijabb.edu.rs\/index.php?rest_route=\/wp\/v2\/pages\/4421\/revisions"}],"predecessor-version":[{"id":5538,"href":"https:\/\/gimnazijabb.edu.rs\/index.php?rest_route=\/wp\/v2\/pages\/4421\/revisions\/5538"}],"up":[{"embeddable":true,"href":"https:\/\/gimnazijabb.edu.rs\/index.php?rest_route=\/wp\/v2\/pages\/1259"}],"wp:attachment":[{"href":"https:\/\/gimnazijabb.edu.rs\/index.php?rest_route=%2Fwp%2Fv2%2Fmedia&parent=4421"}],"curies":[{"name":"wp","href":"https:\/\/api.w.org\/{rel}","templated":true}]}}